{"id":257,"date":"2026-03-05T22:28:07","date_gmt":"2026-03-05T22:28:07","guid":{"rendered":"https:\/\/lp.scanpro.ch\/?post_type=product&#038;p=257"},"modified":"2026-04-17T09:08:34","modified_gmt":"2026-04-17T09:08:34","slug":"teste-copia","status":"publish","type":"product","link":"https:\/\/lp.scanpro.ch\/fr\/produto\/teste-copia\/","title":{"rendered":"Hercules Air Purifier"},"content":{"rendered":"","protected":false},"excerpt":{"rendered":"<p>Der Stylies Hercules Luftreiniger ist ein leistungsstarker Luftfilter f\u00fcr R\u00e4ume bis zu 96 m\u00b2, ideal f\u00fcr B\u00fcros, Klassenzimmer oder Wohnbereiche. Mit drei Filtern \u2013 Vorfilter, HEPA-Filter und Aktivkohlefilter \u2013 entfernt er zuverl\u00e4ssig Staub, Pollen, Ger\u00fcche und Luftschadstoffe. Sechs Leistungsstufen und drei voreingestellte Modi erlauben eine flexible Anpassung an unterschiedliche Raumgr\u00f6\u00dfen und Bed\u00fcrfnisse. Ausgestattet mit Display, Timer, Kindersicherung und App-Steuerung, bietet der Luftreiniger maximale Bedienkomfort. Kompakt, leise und elegant sorgt der Stylies Hercules f\u00fcr saubere, gesunde Luft in jedem Raum und unterst\u00fctzt das Wohlbefinden von Familie, Mitarbeitern oder G\u00e4sten.<\/p>","protected":false},"featured_media":266,"comment_status":"open","ping_status":"closed","template":"","meta":{"_uag_custom_page_level_css":""},"product_brand":[],"product_cat":[25],"product_tag":[],"class_list":{"0":"post-257","1":"product","2":"type-product","3":"status-publish","4":"has-post-thumbnail","6":"product_cat-produkte","8":"first","9":"instock","10":"shipping-taxable","11":"product-type-simple"},"uagb_featured_image_src":{"full":["https:\/\/lp.scanpro.ch\/wp-content\/uploads\/2026\/03\/Hercules-Air-Purifier-1.png",1379,1103,false],"thumbnail":["https:\/\/lp.scanpro.ch\/wp-content\/uploads\/2026\/03\/Hercules-Air-Purifier-1-150x150.png",150,150,true],"medium":["https:\/\/lp.scanpro.ch\/wp-content\/uploads\/2026\/03\/Hercules-Air-Purifier-1-300x240.png",300,240,true],"medium_large":["https:\/\/lp.scanpro.ch\/wp-content\/uploads\/2026\/03\/Hercules-Air-Purifier-1-768x614.png",768,614,true],"large":["https:\/\/lp.scanpro.ch\/wp-content\/uploads\/2026\/03\/Hercules-Air-Purifier-1-1024x819.png",800,640,true],"1536x1536":["https:\/\/lp.scanpro.ch\/wp-content\/uploads\/2026\/03\/Hercules-Air-Purifier-1.png",1379,1103,false],"2048x2048":["https:\/\/lp.scanpro.ch\/wp-content\/uploads\/2026\/03\/Hercules-Air-Purifier-1.png",1379,1103,false],"trp-custom-language-flag":["https:\/\/lp.scanpro.ch\/wp-content\/uploads\/2026\/03\/Hercules-Air-Purifier-1.png",15,12,false],"woocommerce_thumbnail":["https:\/\/lp.scanpro.ch\/wp-content\/uploads\/2026\/03\/Hercules-Air-Purifier-1-300x300.png",300,300,true],"woocommerce_single":["https:\/\/lp.scanpro.ch\/wp-content\/uploads\/2026\/03\/Hercules-Air-Purifier-1-600x480.png",600,480,true],"woocommerce_gallery_thumbnail":["https:\/\/lp.scanpro.ch\/wp-content\/uploads\/2026\/03\/Hercules-Air-Purifier-1-100x100.png",100,100,true]},"uagb_author_info":{"display_name":"Thiago","author_link":"https:\/\/lp.scanpro.ch\/fr\/author\/"},"uagb_comment_info":0,"uagb_excerpt":"Der Stylies Hercules Luftreiniger ist ein leistungsstarker Luftfilter f\u00fcr R\u00e4ume bis zu 96 m\u00b2, ideal f\u00fcr B\u00fcros, Klassenzimmer oder Wohnbereiche. Mit drei Filtern \u2013 Vorfilter, HEPA-Filter und Aktivkohlefilter \u2013 entfernt er zuverl\u00e4ssig Staub, Pollen, Ger\u00fcche und Luftschadstoffe. Sechs Leistungsstufen und drei voreingestellte Modi erlauben eine flexible Anpassung an unterschiedliche Raumgr\u00f6\u00dfen und Bed\u00fcrfnisse. Ausgestattet mit Display,\u2026","_links":{"self":[{"href":"https:\/\/lp.scanpro.ch\/fr\/wp-json\/wp\/v2\/product\/257","targetHints":{"allow":["GET"]}}],"collection":[{"href":"https:\/\/lp.scanpro.ch\/fr\/wp-json\/wp\/v2\/product"}],"about":[{"href":"https:\/\/lp.scanpro.ch\/fr\/wp-json\/wp\/v2\/types\/product"}],"replies":[{"embeddable":true,"href":"https:\/\/lp.scanpro.ch\/fr\/wp-json\/wp\/v2\/comments?post=257"}],"wp:featuredmedia":[{"embeddable":true,"href":"https:\/\/lp.scanpro.ch\/fr\/wp-json\/wp\/v2\/media\/266"}],"wp:attachment":[{"href":"https:\/\/lp.scanpro.ch\/fr\/wp-json\/wp\/v2\/media?parent=257"}],"wp:term":[{"taxonomy":"product_brand","embeddable":true,"href":"https:\/\/lp.scanpro.ch\/fr\/wp-json\/wp\/v2\/product_brand?post=257"},{"taxonomy":"product_cat","embeddable":true,"href":"https:\/\/lp.scanpro.ch\/fr\/wp-json\/wp\/v2\/product_cat?post=257"},{"taxonomy":"product_tag","embeddable":true,"href":"https:\/\/lp.scanpro.ch\/fr\/wp-json\/wp\/v2\/product_tag?post=257"}],"curies":[{"name":"wp","href":"https:\/\/api.w.org\/{rel}","templated":true}]}}